{"id":6308,"date":"2017-07-24T14:34:45","date_gmt":"2017-07-24T12:34:45","guid":{"rendered":"http:\/\/iluzja.link\/marek\/optyk-test\/?page_id=6308"},"modified":"2017-08-18T09:48:25","modified_gmt":"2017-08-18T07:48:25","slug":"zobacz","status":"publish","type":"page","link":"https:\/\/zakladoptyczny.pl\/index.php\/zobacz\/","title":{"rendered":"Dlaczego my"},"content":{"rendered":"<p>[vc_row el_id=&#8221;dlaczego-warto&#8221;][vc_column][vc_column_text]<\/p>\n<h2 style=\"text-align: center;\">Dlaczego warto nas wybra\u0107?<\/h2>\n<p>[\/vc_column_text][vc_row_inner equal_height=&#8221;yes&#8221; el_class=&#8221;why-us-equal&#8221;][vc_column_inner width=&#8221;1\/2&#8243; el_id=&#8221;szeroka-oferta&#8221; offset=&#8221;vc_col-lg-6 vc_col-md-12&#8243;]<div class=\"marketing-tour-wrapper clearfix no-animation svg-animation-disabled marketing-tour-4 \"><span class=\"marketing-tour\"><h3>Szeroka oferta<\/h3><\/span><div class=\"marketing-tour-content\"><p>Jeste\u015bmy rodzinn\u0105 firm\u0105, r\u00f3wnie\u017c w tym sensie, \u017ce kierujemy swoj\u0105 ofert\u0119 do ca\u0142ych rodzin. Najm\u0142odszym oferujemy bezpieczne okulary dla dzieci Fisher Price, starszym m\u0142odzie\u017cowe marki jak Eschenbach, Look czy Pepe Jeans, dla doros\u0142ych proponujemy modowe marki MaxMara, Vera Wang, Silhouette i Materika. Nasza ekonomiczna marka Scorpion Eyewear zdoby\u0142a uznanie wielu klient\u00f3w dzi\u0119ki po\u0142\u0105czeniu atrakcyjnej ceny i dobrej jako\u015bci. W naszym salonie znajdziesz najwi\u0119kszy w Polsce wyb\u00f3r okular\u00f3w przeciws\u0142onecznych Maui Jim zapewniaj\u0105cych niezwyk\u0142\u0105 jako\u015b\u0107 widzenia.<\/p>\n<\/div><\/div><!-- .marketing-tour-wrapper -->[\/vc_column_inner][vc_column_inner width=&#8221;1\/2&#8243; el_id=&#8221;atrakcyjne-ceny&#8221; offset=&#8221;vc_col-lg-6 vc_col-md-12&#8243;]<div class=\"marketing-tour-wrapper clearfix no-animation svg-animation-disabled marketing-tour-4 \"><span class=\"marketing-tour\"><h3>Atrakcyjne ceny<\/h3><\/span><div class=\"marketing-tour-content\"><p>Dzi\u0119ki lokalizacji firmy na Warszawskiej Pradze jeste\u015bmy w stanie zaoferowa\u0107 okulary w bardzo atrakcyjnych cenach. Nasza oferta jest niezwykle szeroka. Je\u017celi poszukujesz ta\u0144szych okular\u00f3w polecamy np. markowe oprawy z ko\u0144c\u00f3wek kolekcji ju\u017c od 99z\u0142. Podobnie jest z soczewkami okularowymi. U nas masz wyb\u00f3r. Zaproponujemy Ci rozwi\u0105zanie, kt\u00f3rego oczekujesz. Co wa\u017cne, oferujemy tylko produkty markowe, spe\u0142niaj\u0105ce najwy\u017csze standardy dlatego niezale\u017cnie od kwoty, kt\u00f3r\u0105 przeznaczysz na okulary, b\u0119dziesz mia\u0142 gwarancj\u0119 bezpiecze\u0144stwa dla zdrowia.<\/p>\n<\/div><\/div><!-- .marketing-tour-wrapper -->[\/vc_column_inner][\/vc_row_inner][vc_row_inner][vc_column_inner el_id=&#8221;indywidualne-podejscie&#8221;]<div class=\"marketing-tour-wrapper clearfix no-animation svg-animation-disabled marketing-tour-4 third-mark\"><span class=\"marketing-tour\"><h3>Indywidualne podej\u015bcie<\/h3><\/span><div class=\"marketing-tour-content\"><p>Oczy ka\u017cdego z nas s\u0105 tak r\u00f3\u017cne, \u017ce skan oka coraz cz\u0119\u015bciej zast\u0119puje klucz do najlepiej strze\u017conych miejsc. Maj\u0105c to na uwadze uwa\u017camy, \u017ce oczy ka\u017cdego z nas wymagaj\u0105 indywidualnego podej\u015bcia. Im wi\u0119cej nam opowiesz o swoim widzeniu, o oczekiwaniach zwi\u0105zanych z okularami, o swoim stylu \u017cycia tym lepiej doradzimy rozwi\u0105zanie kt\u00f3rego potrzebujesz. Zach\u0119camy \u017ceby\u015b wizyt\u0119 u nas zacz\u0105\u0142 od badania wzroku. To w\u0142a\u015bnie na tym etapie najlepiej poznajemy Twoje oczekiwania odno\u015bnie widzenia. Nast\u0119pnie zadamy Ci kilka pyta\u0144 odno\u015bnie dotychczasowych do\u015bwiadcze\u0144, warunk\u00f3w pracy czy tego jak sp\u0119dzasz wolny czas. Dopiero wtedy zaproponujemy najlepsze dla Ciebie produkty. Je\u017celi chcesz, jeszcze lepiej dokona\u0107 najw\u0142a\u015bciwszego wyboru to przez kilka dni poprzedzaj\u0105cych wizyt\u0119 w naszym salonie, poobserwuj siebie i zastan\u00f3w si\u0119 w jakich sytuacjach chcia\u0142by\u015b widzie\u0107 lepiej lub bardziej komfortowo. Opowiedz nam o wszystkich swoich obserwacjach, a na pewno znajdziemy rozwi\u0105zanie.<b> <\/b><\/p>\n<\/div><\/div><!-- .marketing-tour-wrapper -->[\/vc_column_inner][\/vc_row_inner][\/vc_column][\/vc_row][vc_row el_class=&#8221;why-us-gallery&#8221;][vc_column][vc_media_grid gap=&#8221;0&#8243; grid_id=&#8221;vc_gid:1503042474000-064e82ae-9712-2&#8243; include=&#8221;6510,6511,6512&#8243;][\/vc_column][\/vc_row][vc_row parallax=&#8221;content-moving&#8221; parallax_image=&#8221;6327&#8243; el_id=&#8221;kim-jestesmy&#8221;][vc_column][vc_column_text]<\/p>\n<h2 style=\"text-align: center;\">Kim jeste\u015bmy?<\/h2>\n<p style=\"text-align: center;\">Optyk B\u0142aszczyk to firma rodzinna prowadzona przez Ann\u0119 i Wojciecha B\u0142aszczyk z synem Kamilem i zespo\u0142em wysoko wykwalifikowanych, do\u015bwiadczonych, wieloletnich pracownik\u00f3w.<\/p>\n<p style=\"text-align: center;\">Mie\u015bcimy si\u0119 na Warszawskiej Pradze- dzielnicy kojarz\u0105cej si\u0119 z niezale\u017cnymi artystami, tradycyjnymi rzemie\u015blnikami, galeriami i alternatywnymi teatrami.<\/p>\n<p>[\/vc_column_text][vc_row_inner][vc_column_inner width=&#8221;1\/2&#8243; el_id=&#8221;tradycja&#8221;]<div class=\"marketing-tour-wrapper clearfix no-animation svg-animation-disabled marketing-tour-4 \"><span class=\"marketing-tour\"><h3>Tradycja<\/h3><\/span><div class=\"marketing-tour-content\"><p>Nasza firma dzia\u0142a nieprzerwanie od 1990, mie\u015bci si\u0119 pod tym samym adresem i stanowi w 100% polsk\u0105 firm\u0119. Jeste\u015bmy tradycyjnym salonem optycznym, czyli takim, kt\u00f3ry samodzielnie wykonuje okulary swoich klient\u00f3w. Dysponujemy w pe\u0142ni wyposa\u017conym warsztatem, dzi\u0119ki czemu mo\u017cemy w pe\u0142ni czuwa\u0107 nad procesem powstawania okular\u00f3w i zagwarantowa\u0107 ich najwy\u017csz\u0105 jako\u015b\u0107. Taka organizacja firmy umo\u017cliwia r\u00f3wnie\u017c wykonywanie napraw okular\u00f3w i podejmowanie si\u0119 nietypowych zam\u00f3wie\u0144.<\/p>\n<\/div><\/div><!-- .marketing-tour-wrapper -->[\/vc_column_inner][vc_column_inner width=&#8221;1\/2&#8243; el_id=&#8221;nowoczesnosc&#8221;]<div class=\"marketing-tour-wrapper clearfix no-animation svg-animation-disabled marketing-tour-4 \"><span class=\"marketing-tour\"><h3>Nowoczesno\u015b\u0107<\/h3><\/span><div class=\"marketing-tour-content\"><p>Od samego powstania dok\u0142adamy stara\u0144, aby oferowa\u0107 najnowocze\u015bniejsze rozwi\u0105zania w bran\u017cy. Byli\u015bmy jednym z pierwszych zak\u0142ad\u00f3w optycznych w Warszawie oferuj\u0105cych komputerowe badanie wzroku i dysponuj\u0105cych bezszablonowym automatem szlifierskim. Byli\u015bmy prekursorami optometrii w Polsce. Obecnie dysponujemy najnowocze\u015bniejszym sprz\u0119tem do wideocentracji soczewek, dzi\u0119ki czemu np. rozstaw \u017arenic mierzymy z 10 krotnie wi\u0119ksz\u0105 dok\u0142adno\u015bci\u0105 ni\u017c tradycyjnymi metodami.<\/p>\n<\/div><\/div><!-- .marketing-tour-wrapper -->[\/vc_column_inner][\/vc_row_inner][vc_row_inner][vc_column_inner width=&#8221;1\/2&#8243; el_id=&#8221;podejscie&#8221;]<div class=\"marketing-tour-wrapper clearfix no-animation svg-animation-disabled marketing-tour-4 \"><span class=\"marketing-tour\"><h3>Kompleksowe podej\u015bcie<\/h3><\/span><div class=\"marketing-tour-content\"><p>Jeste\u015bmy miejscem, zajmuj\u0105cym si\u0119 kompleksowo wzrokiem naszych klient\u00f3w. Punktem wyj\u015bcia zawsze jest badanie wzroku, dlatego oferujemy dob\u00f3r korekcji przez optometryst\u0119 oraz badanie oczu przez lekarza okulist\u0119. Nasi specjali\u015bci zajmuj\u0105 si\u0119 zar\u00f3wno niemowlakami jak r\u00f3wnie\u017c osobami w podesz\u0142ym wieku. Oferujemy trening wzrokowy i dob\u00f3r soczewek kontaktowych. Wykonujemy okulary do codziennego u\u017cytkowania jak r\u00f3wnie\u017c bardzo specjalistyczne rozwi\u0105zania np. okulary do uprawiania sport\u00f3w czy okulary ochronne.<\/p>\n<\/div><\/div><!-- .marketing-tour-wrapper -->[\/vc_column_inner][vc_column_inner width=&#8221;1\/2&#8243; el_id=&#8221;biznes&#8221;]<div class=\"marketing-tour-wrapper clearfix no-animation svg-animation-disabled marketing-tour-4 \"><span class=\"marketing-tour\"><h3>Odpowiedzialny biznes<\/h3><\/span><div class=\"marketing-tour-content\"><p>Wierzymy, \u017ce prowadzenie biznesu to r\u00f3wnie\u017c du\u017ca odpowiedzialno\u015b\u0107. Podejmujemy szereg dzia\u0142a\u0144 prospo\u0142ecznych i proekologicznych. Uczestniczymy w akcji Okulary dla Afryki (<a href=\"http:\/\/okuliscidlaafryki.pl\/jak-pomoc\/zbiorka-okularow\">http:\/\/okuliscidlaafryki.pl\/jak-pomoc\/zbiorka-okularow<\/a>), zapewniamy okulary podopiecznym kilku dom\u00f3w dziecka, i osobom nieodnajduj\u0105cym si\u0119 w spo\u0142ecze\u0144stwie. Dzi\u0119ki wdro\u017ceniu zdalnego profilowani soczewek chronimy wod\u0119 poprzez redukcj\u0119 odpad\u00f3w powstaj\u0105cych podczas wykonywania okular\u00f3w.<\/p>\n<\/div><\/div><!-- .marketing-tour-wrapper -->[\/vc_column_inner][\/vc_row_inner][\/vc_column][\/vc_row]<\/p>\n","protected":false},"excerpt":{"rendered":"<p>[vc_row el_id=&#8221;dlaczego-warto&#8221;][vc_column][vc_column_text] Dlaczego warto nas wybra\u0107? [\/vc_column_text][vc_row_inner equal_height=&#8221;yes&#8221; el_class=&#8221;why-us-equal&#8221;][vc_column_inner width=&#8221;1\/2&#8243; el_id=&#8221;szeroka-oferta&#8221; offset=&#8221;vc_col-lg-6 vc_col-md-12&#8243;][\/vc_column_inner][vc_column_inner width=&#8221;1\/2&#8243; el_id=&#8221;atrakcyjne-ceny&#8221; offset=&#8221;vc_col-lg-6 vc_col-md-12&#8243;][\/vc_column_inner][\/vc_row_inner][vc_row_inner][vc_column_inner el_id=&#8221;indywidualne-podejscie&#8221;][\/vc_column_inner][\/vc_row_inner][\/vc_column][\/vc_row][vc_row el_class=&#8221;why-us-gallery&#8221;][vc_column][vc_media_grid gap=&#8221;0&#8243; grid_id=&#8221;vc_gid:1503042474000-064e82ae-9712-2&#8243; include=&#8221;6510,6511,6512&#8243;][\/vc_column][\/vc_row][vc_row &hellip;<\/p>\n","protected":false},"author":1,"featured_media":0,"parent":0,"menu_order":0,"comment_status":"closed","ping_status":"closed","template":"","meta":{"inline_featured_image":false},"_links":{"self":[{"href":"https:\/\/zakladoptyczny.pl\/index.php\/wp-json\/wp\/v2\/pages\/6308"}],"collection":[{"href":"https:\/\/zakladoptyczny.pl\/index.php\/wp-json\/wp\/v2\/pages"}],"about":[{"href":"https:\/\/zakladoptyczny.pl\/index.php\/wp-json\/wp\/v2\/types\/page"}],"author":[{"embeddable":true,"href":"https:\/\/zakladoptyczny.pl\/index.php\/wp-json\/wp\/v2\/users\/1"}],"replies":[{"embeddable":true,"href":"https:\/\/zakladoptyczny.pl\/index.php\/wp-json\/wp\/v2\/comments?post=6308"}],"version-history":[{"count":32,"href":"https:\/\/zakladoptyczny.pl\/index.php\/wp-json\/wp\/v2\/pages\/6308\/revisions"}],"predecessor-version":[{"id":6664,"href":"https:\/\/zakladoptyczny.pl\/index.php\/wp-json\/wp\/v2\/pages\/6308\/revisions\/6664"}],"wp:attachment":[{"href":"https:\/\/zakladoptyczny.pl\/index.php\/wp-json\/wp\/v2\/media?parent=6308"}],"curies":[{"name":"wp","href":"https:\/\/api.w.org\/{rel}","templated":true}]}}