{"id":6487,"date":"2017-08-02T11:12:18","date_gmt":"2017-08-02T09:12:18","guid":{"rendered":"http:\/\/iluzja.link\/marek\/optyk-test\/?page_id=6487"},"modified":"2024-04-25T12:39:02","modified_gmt":"2024-04-25T10:39:02","slug":"trening-widzenia","status":"publish","type":"page","link":"https:\/\/zakladoptyczny.pl\/index.php\/trening-widzenia\/","title":{"rendered":"Trening widzenia"},"content":{"rendered":"<p>[vc_row css=&#8221;.vc_custom_1501753203209{margin-bottom: 0px !important;}&#8221;][vc_column width=&#8221;2\/3&#8243;][vc_column_text el_class=&#8221;vision-skill&#8221;]<\/p>\n<h3><span style=\"color: #0066cc;\"><b>Cel \u0107wicze\u0144 wzroku<\/b><\/span><\/h3>\n<p>\u0106wiczenia wzroku maj\u0105 na celu popraw\u0119 zdolno\u015bci do rozpoznawania, rozr\u00f3\u017cniania i przetwarzania bod\u017ac\u00f3w wzrokowych.<\/p>\n<p>Stosowany jest w przypadku:<\/p>\n<p>&#8211; zeza (jawnego i ukrytego)<\/p>\n<p>&#8211; niedowidzenia (ambliopia, leniwe oko)<\/p>\n<p>&#8211; op\u00f3\u017anienia w rozwoju percepcji wzrokowej<\/p>\n<p>&#8211; zaburze\u0144 widzenia obuocznego i akomodacji<\/p>\n<p>&#8211; zaburze\u0144 ruchomo\u015bci ga\u0142ek ocznych<\/p>\n<p>&#8211; objaw\u00f3w przem\u0119czenia komputerowego (computer vision syndrome)<\/p>\n<p>&#8211; innych np. b\u00f3lach g\u0142owy, widzeniu podw\u00f3jnym<\/p>\n<p><b>Uwaga:<\/b> \u0107wiczenia nie maj\u0105 na celu zlikwidowania wady wzroku- wady wzroku nale\u017cy korygowa\u0107 okularami lub soczewkami kontaktowymi.[\/vc_column_text][\/vc_column][vc_column width=&#8221;1\/3&#8243;][vc_single_image image=&#8221;6725&#8243; img_size=&#8221;238&#215;500&#8243; style=&#8221;vc_box_shadow&#8221; onclick=&#8221;custom_link&#8221; img_link_target=&#8221;_blank&#8221; link=&#8221;https:\/\/zakladoptyczny.pl\/wp-content\/uploads\/2018\/09\/ulotka2019-1.pdf&#8221; css=&#8221;.vc_custom_1535979289232{margin-top: 20px !important;}&#8221;][\/vc_column][\/vc_row][vc_row el_class=&#8221;vision-skill&#8221;][vc_column][vc_column_text]<\/p>\n<h3><span style=\"color: #0066cc;\"><b>Kiedy warto wykona\u0107 \u0107wiczenia wzroku?<\/b><\/span><\/h3>\n<p>Trening widzenia stosuje si\u0119, gdy wyst\u0119puj\u0105 zaburzenia widzenia takie jak:<\/p>\n<ul>\n<li>zez (jawny lub ukryty)<\/li>\n<li>niedowidzenie (ambliopia, leniwe oko)<\/li>\n<li>op\u00f3\u017anienie w rozwoju percepcji wzrokowej<\/li>\n<li>nieprawid\u0142owe widzenie obuoczne<\/li>\n<li>nieprawid\u0142owa akomodacja<\/li>\n<li>ograniczona ruchomo\u015b\u0107 oczu<\/li>\n<li>objawy przem\u0119czenia komputerowego (Computer Vision Syndrome)<\/li>\n<li>cz\u0119ste b\u00f3le g\u0142owy \u2013 kt\u00f3rych przyczyna jest nieznana<\/li>\n<\/ul>\n<h3><span style=\"color: #0066cc;\"><b>Czy \u0107wiczenia likwiduj\u0105 lub zmniejszaj\u0105 wad\u0119 wzroku?<\/b><\/span><\/h3>\n<p>Obecnie nieznane s\u0105 skuteczne \u0107wiczenia likwiduj\u0105ce wad\u0119 wzroku. W przypadku stwierdzenia wady wzroku nale\u017cy j\u0105 skorygowa\u0107 za pomoc\u0105 okular\u00f3w lub soczewek kontaktowych.<\/p>\n<h3><span style=\"color: #0066cc;\"><b>Na czym polegaj\u0105 \u0107wiczenia wzroku?<\/b><\/span><\/h3>\n<p>\u0106wiczenia prowadzone s\u0105 wed\u0142ug naszej autorskiej procedury, b\u0119d\u0105cej syntez\u0105 najskuteczniejszych metod z r\u00f3\u017cnych stron \u015bwiata. Baz\u0105 \u0107wicze\u0144 s\u0105<br \/>\nameryka\u0144skie procedury optometryczne Vision Therapy, do kt\u00f3rych do\u0142\u0105czono inne metody. \u0106wiczenia odbywaj\u0105 si\u0119 z wykorzystaniem specjalistycznych sprz\u0119t\u00f3w, soczewek o odpowiednio dobranej mocy, pryzmat\u00f3w, fliper\u00f3w, synoptoforu, koordynator\u00f3w i wielu innych.<\/p>\n<h3><span style=\"color: #0066cc;\"><b>Terminy zapis\u00f3w<\/b><\/span><\/h3>\n<p>Dla pa\u0144stwa wygody czas oczekiwania na treningi zosta\u0142 skr\u00f3cony do 3 miesi\u0119cy. Dzi\u0119ki temu mog\u0105 Pa\u0144stwo dostosowa\u0107 terminy treningu do zaj\u0119\u0107 szkolnych i pozalekcyjnych.<\/p>\n<p>Zapisy zawsze zaczynamy od godz. 9:00 w poni\u017cszych dniach.<\/p>\n<table class=\"horizontal-table\" border=\"1\" width=\"236\" cellspacing=\"0\" cellpadding=\"7\">\n<colgroup>\n<col width=\"117\" \/>\n<col width=\"89\" \/> <\/colgroup>\n<tbody>\n<tr valign=\"TOP\">\n<td style=\"background-color: #0066cc;\" width=\"117\"><span style=\"color: #ffffff;\"><b>2024<\/b><\/span><\/td>\n<td width=\"89\"><b>Stycze\u0144<\/b><\/td>\n<td width=\"89\"><b>Luty<\/b><\/td>\n<td width=\"89\"><b>Marzec<\/b><\/td>\n<td width=\"89\"><b>Kwiecie\u0144<\/b><\/td>\n<td width=\"89\"><b>Maj<\/b><\/td>\n<td width=\"89\"><b>Czerwiec<\/b><\/td>\n<td width=\"89\"><b>Lipiec<\/b><\/td>\n<td width=\"89\"><b>Sierpie\u0144<\/b><\/td>\n<td width=\"89\"><b>Wrzesie\u0144<\/b><\/td>\n<td width=\"89\"><b>Pa\u017adziernik<\/b><\/td>\n<td width=\"89\"><b>Listopad<\/b><\/td>\n<td width=\"89\"><b>Grudzie\u0144<\/b><\/td>\n<\/tr>\n<tr valign=\"TOP\">\n<td style=\"background-color: #0066cc;\" width=\"117\"><span style=\"color: #ffffff;\">Kiedy zapisy<\/span><\/td>\n<td width=\"89\">30.10 2023<\/td>\n<td width=\"89\">27.11 2023<\/td>\n<td width=\"89\">29.01 2024<\/td>\n<td width=\"89\">26.02 2024<\/td>\n<td width=\"89\">25.03 2024<\/td>\n<td width=\"89\">29.04 2024<\/td>\n<td width=\"89\">27.05 2024<\/td>\n<td width=\"89\">24.06 2024<\/td>\n<td width=\"89\">29.07 2024<\/td>\n<td width=\"89\">26.08\u00a0 2024<\/td>\n<td width=\"89\">30.09 2024<\/td>\n<td width=\"89\">28.10 2024<\/td>\n<\/tr>\n<\/tbody>\n<\/table>\n<table class=\"vertical-table\" border=\"1\" width=\"236\" cellspacing=\"0\" cellpadding=\"7\">\n<colgroup>\n<col width=\"117\" \/>\n<col width=\"89\" \/> <\/colgroup>\n<tbody>\n<tr valign=\"TOP\">\n<td style=\"background-color: #0066cc;\" width=\"117\"><span style=\"color: #ffffff;\"><b>2024<\/b><\/span><\/td>\n<td style=\"background-color: #0066cc;\" width=\"117\"><span style=\"color: #ffffff;\"><b>Kiedy zapisy<\/b><\/span><\/td>\n<\/tr>\n<tr>\n<td width=\"117\"><b>Stycze\u0144<\/b><\/td>\n<td width=\"117\">30.10.2023<\/td>\n<\/tr>\n<tr>\n<td width=\"117\"><b>Luty<\/b><\/td>\n<td width=\"117\">27.11.2023<\/td>\n<\/tr>\n<tr>\n<td width=\"117\"><b>Marzec<\/b><\/td>\n<td width=\"117\">29.01.2024<\/td>\n<\/tr>\n<tr>\n<td width=\"117\"><b>Kwiecie\u0144<\/b><\/td>\n<td width=\"117\">26.02.2024<\/td>\n<\/tr>\n<tr>\n<td width=\"117\"><b>Maj<\/b><\/td>\n<td width=\"117\">25.03.2024<\/td>\n<\/tr>\n<tr>\n<td width=\"117\"><b>Czerwiec<\/b><\/td>\n<td width=\"117\">29.04.2024<\/td>\n<\/tr>\n<tr>\n<td width=\"117\"><b>Lipiec<\/b><\/td>\n<td width=\"117\">27.05.2024<\/td>\n<\/tr>\n<tr>\n<td width=\"117\"><b>Sierpie\u0144<\/b><\/td>\n<td width=\"117\">24.06.2024<\/td>\n<\/tr>\n<tr>\n<td width=\"117\"><b>Wrzesie\u0144<\/b><\/td>\n<td width=\"117\">29.07.2024<\/td>\n<\/tr>\n<tr>\n<td width=\"117\"><b>Pa\u017adziernik<\/b><\/td>\n<td width=\"117\">26.08.2024<\/td>\n<\/tr>\n<tr>\n<td width=\"117\"><b>Listopad<\/b><\/td>\n<td width=\"117\">30.09.2024<\/td>\n<\/tr>\n<tr>\n<td width=\"117\"><b>Grudzie\u0144<\/b><\/td>\n<td width=\"117\">28.10.2024<\/td>\n<\/tr>\n<\/tbody>\n<\/table>\n<p>Najwygodniejsza jest telefoniczna forma zapisu pod numerem 22\u00a0619 69 34. Ze wzgl\u0119du na du\u017ce obci\u0105\u017cenie linii telefonicznej w dniu zapis\u00f3w zapraszamy r\u00f3wnie\u017c osobi\u015bcie na Jagiello\u0144sk\u0105 52. W chwili obecnej nie prowadzimy zapis\u00f3w drog\u0105 elektroniczn\u0105.<\/p>\n<h3><span style=\"color: #0066cc;\"><b>Koszt \u0107wicze\u0144:<\/b><\/span><\/h3>\n<table border=\"1\" width=\"179\" cellspacing=\"0\" cellpadding=\"7\">\n<colgroup>\n<col width=\"107\" \/>\n<col width=\"42\" \/> <\/colgroup>\n<tbody>\n<tr valign=\"TOP\">\n<td style=\"min-width: 180px;\">10:00-16:30<\/td>\n<td width=\"42\">95,-<\/td>\n<\/tr>\n<tr valign=\"TOP\">\n<td style=\"min-width: 180px;\">17:00-19:00<\/td>\n<td width=\"42\">120,-<\/td>\n<\/tr>\n<\/tbody>\n<\/table>\n<h3><strong>Uwaga!<\/strong><\/h3>\n<p><strong>Od dnia 4 marca 2024 zmieniamy godziny obowi\u0105zywania promocyjnej ceny \u0107wicze\u0144 wzroku. Mimo znacz\u0105cej podwy\u017cki koszt\u00f3w dzia\u0142alno\u015bci podstawow\u0105 cen\u0119 \u0107wicze\u0144 pozostawiamy niezmienion\u0105 od 2022roku.<\/strong><\/p>\n<table style=\"height: 82px;\" border=\"1\" width=\"257\" cellspacing=\"0\" cellpadding=\"7\">\n<tbody>\n<tr valign=\"TOP\">\n<td>10:00-14:00<\/td>\n<td width=\"42\">95,-<\/td>\n<\/tr>\n<tr valign=\"TOP\">\n<td>14:00-19:00<\/td>\n<td width=\"42\">120,-<\/td>\n<\/tr>\n<\/tbody>\n<\/table>\n<h3><span style=\"color: #0066cc;\"><b>Jak um\u00f3wi\u0107 si\u0119 na \u0107wiczenia?<\/b><\/span><\/h3>\n<ul>\n<li>Wybierz na kt\u00f3ry miesi\u0105c chcesz si\u0119 um\u00f3wi\u0107<\/li>\n<li>Sprawd\u017a od kiedy dost\u0119pny jest grafik<\/li>\n<li>Zadzwo\u0144 danego dnia od godziny 9:00 pod numer 226196934<\/li>\n<\/ul>\n<h3><span style=\"color: #0066cc;\"><b>Ile trwaj\u0105 \u0107wiczenia?<\/b><\/span><\/h3>\n<p>\u015aredni czas trwania zaj\u0119\u0107 wynosi 30 minut. Prosimy jednak o zarezerwowanie dodatkowych 15 minut ze wzgl\u0119du na mo\u017cliwe wyd\u0142u\u017cenie \u0107wicze\u0144<\/p>\n<h3><span style=\"color: #0066cc;\"><b>Jak d\u0142ugo trwa terapia?<\/b><\/span><\/h3>\n<p>Indywidualny plan terapii zostanie okre\u015blony podczas badania kwalifikuj\u0105cego. Zazwyczaj \u0107wiczenia odbywaj\u0105 si\u0119 w cyklach 5 lub 10 codziennych spotka\u0144.<\/p>\n<h3><span style=\"color: #0066cc;\"><b>Jak przygotowa\u0107 si\u0119 do \u0107wicze\u0144?<\/b><\/span><\/h3>\n<ul>\n<li>Zdejmij soczewki kontaktowe na 15 minut przed zaj\u0119ciami<\/li>\n<li>Zabierz okulary korekcyjne, je\u017celi masz je zalecone<\/li>\n<li>Wypocznij, aby mie\u0107 si\u0142y na 30 minut treningu<\/li>\n<li>Nie planuj bada\u0144 okulistycznych w okresie bezpo\u015brednio poprzedzaj\u0105cym \u0107wiczenia, a je\u017celi takie badania s\u0105 konieczne, popro\u015b lekarza o niepodawanie kropli pora\u017caj\u0105cych akomodacje w okresie 30 dni przed \u0107wiczeniami.<\/li>\n<\/ul>\n<h3><span style=\"color: #0066cc;\"><b>Po \u0107wiczeniach mo\u017cesz:<\/b><\/span><\/h3>\n<ul>\n<li>normalnie prowadzi\u0107 samoch\u00f3d<\/li>\n<li>normalnie wr\u00f3ci\u0107 do pracy\/szko\u0142y<\/li>\n<li>pracowa\u0107 przy komputerze<\/li>\n<li>nie ma \u017cadnych ogranicze\u0144 po \u0107wiczeniach jednak ze wzgl\u0119du na mo\u017cliwo\u015b\u0107 wyst\u0105pienia lekkiego b\u00f3lu g\u0142owy zaraz po zaj\u0119ciach nie planuj nic wa\u017cnego<\/li>\n<\/ul>\n<h3><span style=\"color: #0066cc;\"><b>Czy musz\u0119 by\u0107 z dzieckiem podczas \u0107wicze\u0144?<\/b><\/span><\/h3>\n<p>Obecno\u015b\u0107 rodzic\u00f3w jest konieczna podczas pierwszego badania oraz wskazana podczas ostatnich zaj\u0119\u0107. Odbywa si\u0119 wtedy badanie okre\u015blaj\u0105ce aktualn\u0105 wad\u0119 wzroku i stan ca\u0142ego uk\u0142adu wzrokowego. Omawiane s\u0105 efekty \u0107wicze\u0144 i przygotowywany jest plan post\u0119powania w przysz\u0142o\u015bci. W celu wzmocnienia i utrwalenia nowych umiej\u0119tno\u015bci, czasami zalecane s\u0105 \u0107wiczenia do wykonywania w domu (wed\u0142ug instrukcji).<\/p>\n<h3><span style=\"color: #0066cc;\"><b>Wizyty kontrolne:<\/b><\/span><\/h3>\n<p>Po zako\u0144czonym treningu specjalista zaleci cz\u0119stotliwo\u015b\u0107 wizyt kontrolnych. Prosimy o przestrzeganie wyznaczonych termin\u00f3w, poniewa\u017c ma to bardzo du\u017ce znaczenie dla utrzymania uk\u0142adu wzrokowego dziecka w prawid\u0142owej kondycji.[\/vc_column_text][\/vc_column][\/vc_row]<\/p>\n","protected":false},"excerpt":{"rendered":"<p>[vc_row css=&#8221;.vc_custom_1501753203209{margin-bottom: 0px !important;}&#8221;][vc_column width=&#8221;2\/3&#8243;][vc_column_text el_class=&#8221;vision-skill&#8221;] Cel \u0107wicze\u0144 wzroku \u0106wiczenia wzroku maj\u0105 na celu popraw\u0119 zdolno\u015bci do rozpoznawania, rozr\u00f3\u017cniania i przetwarzania bod\u017ac\u00f3w &hellip;<\/p>\n","protected":false},"author":1,"featured_media":0,"parent":0,"menu_order":0,"comment_status":"closed","ping_status":"closed","template":"","meta":{"inline_featured_image":false},"_links":{"self":[{"href":"https:\/\/zakladoptyczny.pl\/index.php\/wp-json\/wp\/v2\/pages\/6487"}],"collection":[{"href":"https:\/\/zakladoptyczny.pl\/index.php\/wp-json\/wp\/v2\/pages"}],"about":[{"href":"https:\/\/zakladoptyczny.pl\/index.php\/wp-json\/wp\/v2\/types\/page"}],"author":[{"embeddable":true,"href":"https:\/\/zakladoptyczny.pl\/index.php\/wp-json\/wp\/v2\/users\/1"}],"replies":[{"embeddable":true,"href":"https:\/\/zakladoptyczny.pl\/index.php\/wp-json\/wp\/v2\/comments?post=6487"}],"version-history":[{"count":55,"href":"https:\/\/zakladoptyczny.pl\/index.php\/wp-json\/wp\/v2\/pages\/6487\/revisions"}],"predecessor-version":[{"id":6865,"href":"https:\/\/zakladoptyczny.pl\/index.php\/wp-json\/wp\/v2\/pages\/6487\/revisions\/6865"}],"wp:attachment":[{"href":"https:\/\/zakladoptyczny.pl\/index.php\/wp-json\/wp\/v2\/media?parent=6487"}],"curies":[{"name":"wp","href":"https:\/\/api.w.org\/{rel}","templated":true}]}}