{"id":6498,"date":"2017-08-02T12:25:19","date_gmt":"2017-08-02T10:25:19","guid":{"rendered":"http:\/\/iluzja.link\/marek\/optyk-test\/?page_id=6498"},"modified":"2017-08-02T12:25:19","modified_gmt":"2017-08-02T10:25:19","slug":"dobor-soczewek","status":"publish","type":"page","link":"https:\/\/zakladoptyczny.pl\/index.php\/dobor-soczewek\/","title":{"rendered":"Dob\u00f3r soczewek"},"content":{"rendered":"<p>[vc_row][vc_column][vc_column_text]Soczewki kontaktowe, \u017ceby dawa\u0142y maksimum satysfakcji i by\u0142y jak najbezpieczniejsze musz\u0105 by\u0107 prawid\u0142owo dobrane.<\/p>\n<p>W naszym salonie proces doboru soczewek sk\u0142ada si\u0119 z nast\u0119puj\u0105cych element\u00f3w:<\/p>\n<p>&#8211; badanie wzroku i okre\u015blenie odpowiedniej korekcji<\/p>\n<p>&#8211; dob\u00f3r najlepszych soczewek kontaktowych<\/p>\n<p>&#8211; nauka zak\u0142adania i zdejmowania, szkolenie jak stosowa\u0107 soczewki<\/p>\n<p>&#8211; badanie kontrolne po 2 tygodniach.<\/p>\n<p>Ca\u0142o\u015b\u0107 zajmuje oko\u0142o 1,5 godziny, wi\u0119c zarezerwuj sobie odpowiednio du\u017co czasu na badanie.<\/p>\n<p>Podczas spotkania otrzymujesz pierwsz\u0105 par\u0119 soczewek w prezencie. S\u0142u\u017cy ona przetestowaniu soczewek przed ewentualnym zakupem.<\/p>\n<p>Je\u017celi u\u017cywasz ju\u017c soczewek kontaktowych a chcia\u0142by\u015b zmieni\u0107 korekcj\u0119 lub dopasowa\u0107 inne soczewki np. jednodniowe zamiast miesi\u0119cznych to zapraszamy na kr\u00f3tsze i ta\u0144sze badania. Najlepsze badanie dla siebie znajdziesz dzi\u0119ki naszemu narz\u0119dzi do wyszukiwania odpowiedniego rodzaju badania i specjalisty.[\/vc_column_text][vc_column_text]<script type='text\/javascript'>jQuery(document).ready(function($) {\n     dt_tree_6494 = jQuery.parseJSON('{\\\"data\\\":{\\\"1\\\":{\\\"question\\\":\\\"OKRE\u015aL WIEK PACJENTA\\\",\\\"type\\\":\\\"question\\\",\\\"subtext\\\":\\\"\\\",\\\"textlink\\\":\\\"\\\",\\\"info\\\":\\\"\\\",\\\"choices\\\":[{\\\"choice\\\":\\\"0-6 LAT\\\",\\\"next\\\":\\\"4\\\"},{\\\"choice\\\":\\\"7-18 LAT\\\",\\\"next\\\":\\\"7\\\"},{\\\"choice\\\":\\\"18 I WI\u0118CEJ\\\",\\\"next\\\":\\\"33\\\"}]},\\\"4\\\":{\\\"question\\\":\\\"OBECNIE NIE \u015aWIADCZYMY US\u0141UG W ZAKRESIE BADANIA WZROKU DZIECI W WIEKU 0-6 LAT, JEDNAK CA\u0141Y CZAS POSIADAMY BARDZO BOGAT\u0104 OFERT\u0118 OPRAW I SOCZEWEK OKULAROWYCH, NAWET DLA NAJM\u0141ODSZYCH KLIENT\u00d3W.\\\",\\\"type\\\":\\\"answer\\\",\\\"subtext\\\":\\\"\\\",\\\"textlink\\\":\\\"\\\",\\\"info\\\":\\\"\\\\n\\\",\\\"choices\\\":[]},\\\"7\\\":{\\\"question\\\":\\\"CZY TO B\u0118DZIE PIERWSZE BADANIE W NASZYM SALONIE, CZY KOLEJNE?\\\",\\\"type\\\":\\\"question\\\",\\\"subtext\\\":\\\"\\\",\\\"textlink\\\":\\\"\\\",\\\"info\\\":\\\"\\\",\\\"choices\\\":[{\\\"choice\\\":\\\"PIERWSZE BADANIE\\\",\\\"next\\\":\\\"10\\\"},{\\\"choice\\\":\\\"KOLEJNE BADANIE\\\",\\\"next\\\":\\\"13\\\"}]},\\\"10\\\":{\\\"question\\\":\\\"Badania pocz\u0105tkowe dzieci i m\u0142odzie\u017cy do 18 r.\u017c.\\\",\\\"type\\\":\\\"answer\\\",\\\"subtext\\\":\\\"\\\",\\\"textlink\\\":\\\"\\\",\\\"info\\\":\\\"Badania pocz\u0105tkowe dzieci i m\u0142odzie\u017cy do 18 r.\u017c.\\\\nBadanie wykonywane przez <strong>optometryst\u0119<\/strong> obejmuj\u0105ce sprawdzenie wady wzroku i prawid\u0142owo\u015b funkcjonowania uk\u0142adu wzrokowego takich jak widzenie obuoczne, wykluczenie zez\u00f3w i zez\u00f3w ukrytych, niedowidzenia, badanie zakresu w jakim pracuj\u0105 oczy- badanie akomodacji. Szczeg\u00f3lnie polecane u dzieci wykazuj\u0105cych trudno\u015bci szkolne, dysleksj\u0119, dysgrafi\u0119 itp. Cz\u0119sto po badaniu zostaje zalecony trening widzenia usprawniaj\u0105cy uk\u0142ad wzrokowy.<br><br>\\\\n<strong>Czas badania:<\/strong> 60 minut<br><br>\\\\n<strong>Cena:<\/strong> 150z\u0142 (od 1.05.2023 200z\u0142) <br><br>\\\\n<strong>Zapisy:<\/strong> telefonicznie 22\u00a0619 69 34\\\",\\\"choices\\\":[]},\\\"13\\\":{\\\"question\\\":\\\"CZY PODCZAS BADANIA CHCESZ DOBRA\u0106 SOCZEWKI KONTAKTOWE?\\\",\\\"type\\\":\\\"question\\\",\\\"subtext\\\":\\\"\\\",\\\"textlink\\\":\\\"\\\",\\\"info\\\":\\\"\\\",\\\"choices\\\":[{\\\"choice\\\":\\\"NIE\\\",\\\"next\\\":\\\"16\\\"},{\\\"choice\\\":\\\"TAK\\\",\\\"next\\\":\\\"19\\\"}]},\\\"16\\\":{\\\"question\\\":\\\"Badanie kontrolne dzieci i m\u0142odzie\u017cy do 18 r.\u017c.\\\",\\\"type\\\":\\\"answer\\\",\\\"subtext\\\":\\\"\\\",\\\"textlink\\\":\\\"\\\",\\\"info\\\":\\\"Badanie kontrolne dzieci i m\u0142odzie\u017cy do 18 r.\u017c.\\\\nDzieci i m\u0142odzie\u017c znajduj\u0105ce si\u0119 pod nasz\u0105 opiek\u0105 powinny przechodzi\u0107 regularne badania wzroku. Cz\u0119stotliwo\u015b\u0107 spotka\u0144 zalecana jest na badaniu pocz\u0105tkowym i zazwyczaj wynosi 6 lub 12 miesi\u0119cy. W trosce o sta\u0142ych klient\u00f3w czas oczekiwania na badanie kontrolne jest zdecydowanie kr\u00f3tszy ni\u017c na badanie pocz\u0105tkowe.<br><br>\\\\n<strong>Czas badania:<\/strong> 30 minut<br><br>\\\\n<strong>Cena:<\/strong> 100z\u0142 (od 1.05.2023 120z\u0142 <br><br>\\\\n<strong>Zapisy:<\/strong> telefonicznie 22\u00a0619 69 34\\\",\\\"choices\\\":[]},\\\"19\\\":{\\\"question\\\":\\\"CZY U\u017bYWA\u0141E\u015a WCZE\u015aNIEJ SOCZEWEK KONTAKTOWYCH\\\",\\\"type\\\":\\\"question\\\",\\\"subtext\\\":\\\"\\\",\\\"textlink\\\":\\\"\\\",\\\"info\\\":\\\"\\\",\\\"choices\\\":[{\\\"choice\\\":\\\"NIE\\\",\\\"next\\\":\\\"22\\\"},{\\\"choice\\\":\\\"TAK\\\",\\\"next\\\":\\\"25\\\"}]},\\\"22\\\":{\\\"question\\\":\\\"PAKIET MOJE PIERWSZE SOCZEWKI\\\",\\\"type\\\":\\\"answer\\\",\\\"subtext\\\":\\\"\\\",\\\"textlink\\\":\\\"\\\",\\\"info\\\":\\\"Je\u017celi chcesz zacz\u0105\u0107 swoj\u0105 przygod\u0119 z soczewkami kontaktowymi to doskonale trafi\u0142e\u015b. Podczas tego badania dobierzemy odpowiedni\u0105 korekcj\u0119, dopasujemy najlepsze dla Ciebie i Twoich potrzeb soczewki kontaktowe i nauczymy zak\u0142adania, zdejmowania i piel\u0119gnacji.\\\\nPierwsz\u0105 par\u0119 soczewek dostaniesz w prezencie, \u017ceby m\u00f3c je przetestowa\u0107 zanim zdecydujesz si\u0119 na zakup.\\\\nW pakiecie znajduje si\u0119 r\u00f3wnie\u017c badanie kontrolne po 2 tygodniach od dopasowania.\\\\n<br><br>\\\\n<strong>Czas badania:<\/strong> 90-120 minut<br><br>\\\\n<strong>Cena:<\/strong> 200z\u0142 (1.05.2023 250z\u0142) <br><br>\\\\n<strong>Zapisy:<\/strong> telefonicznie 22\u00a0619 69 34\\\",\\\"choices\\\":[]},\\\"25\\\":{\\\"question\\\":\\\"CZY POSIADASZ AKTUALN\u0104 KOREKCJ\u0118 WZROKU?\\\",\\\"type\\\":\\\"question\\\",\\\"subtext\\\":\\\"\\\",\\\"textlink\\\":\\\"\\\",\\\"info\\\":\\\"\\\",\\\"choices\\\":[{\\\"choice\\\":\\\"Tak, mam aktualn\u0105 korekcj\u0119\\\",\\\"next\\\":\\\"28\\\"},{\\\"choice\\\":\\\"Chcia\u0142bym sprawdzi\u0107 r\u00f3wnie\u017c korekcj\u0119\\\",\\\"next\\\":\\\"31\\\"}]},\\\"28\\\":{\\\"question\\\":\\\"PAKIET NOWE SOCZEWKI\\\",\\\"type\\\":\\\"answer\\\",\\\"subtext\\\":\\\"\\\",\\\"textlink\\\":\\\"\\\",\\\"info\\\":\\\"Je\u017celi chcesz zacz\u0105\u0107 swoj\u0105 przygod\u0119 z soczewkami kontaktowymi to doskonale trafi\u0142e\u015b. Podczas tego badania dobierzemy odpowiedni\u0105 korekcj\u0119, dopasujemy najlepsze dla Ciebie i Twoich potrzeb soczewki kontaktowe i nauczymy zak\u0142adania, zdejmowania i piel\u0119gnacji.\\\\nPierwsz\u0105 par\u0119 soczewek dostaniesz w prezencie, \u017ceby m\u00f3c je przetestowa\u0107 zanim zdecydujesz si\u0119 na zakup.\\\\nW pakiecie znajduje si\u0119 r\u00f3wnie\u017c badanie kontrolne po 2 tygodniach od dopasowania.\\\\n<br><br>\\\\n<strong>Czas badania:<\/strong> 90-120 minut<br><br>\\\\n<strong>Cena:<\/strong> 200z\u0142 (od 1.05.2023 250z\u0142)<br><br>\\\\n<strong>Zapisy:<\/strong> telefonicznie 22\u00a0619 69 34\\\",\\\"choices\\\":[]},\\\"31\\\":{\\\"question\\\":\\\"PAKIET NOWA KOREKCJA\\\",\\\"type\\\":\\\"answer\\\",\\\"subtext\\\":\\\"\\\",\\\"textlink\\\":\\\"\\\",\\\"info\\\":\\\"Je\u017celi soczewki kontaktowe s\u0105 Ci znane, umiesz si\u0119 nimi pos\u0142ugiwa\u0107 i znasz zasady piel\u0119gnacji a chcia\u0142by\u015b jedynie uaktualni\u0107 warto\u015bci korekcyjne to jest to w\u0142a\u015bnie pakiet dla Ciebie. Wybieraj\u0105c pakiet <strong>NOWA KOREKCJA<\/strong> sprawdzimy aktualn\u0105 wad\u0119 wzroku a nast\u0119pnie dobierzemy Ci nowe soczewki kontaktowe. Dostaniesz pierwsz\u0105 par\u0119 soczewek w prezencie, \u017ceby przetestowa\u0107 je zanim zdecydujesz si\u0119 na zakup.\\\\nW pakiecie znajduje si\u0119 r\u00f3wnie\u017c badanie kontrolne po 2 tygodniach od dopasowania.\\\\n<br><br>\\\\n<strong>Czas badania:<\/strong> 60 minut<br><br>\\\\n<strong>Cena:<\/strong> 160z\u0142 (od 1.05.2023 200z\u0142) <br><br>\\\\n<strong>Zapisy:<\/strong> telefonicznie 22\u00a0619 69 34\\\",\\\"choices\\\":[]},\\\"33\\\":{\\\"question\\\":\\\"OKRE\u015aL G\u0141\u00d3WNY CEL WIZYTY\\\",\\\"type\\\":\\\"question\\\",\\\"subtext\\\":\\\"\\\",\\\"textlink\\\":\\\"\\\",\\\"info\\\":\\\"\\\",\\\"choices\\\":[{\\\"choice\\\":\\\"MOJE OCZY S\u0104 CHORE I POTRZEBUJ\u0118 KONSULTACJI OKULISTYCZNEJ\\\",\\\"next\\\":\\\"36\\\"},{\\\"choice\\\":\\\"MOJE OCZY S\u0104 ZDROWE I CHCIA\u0141BYM SPRAWDZI\u0106 WZROK POD K\u0104TEM WIDZENIA\\\",\\\"next\\\":\\\"39\\\"}]},\\\"36\\\":{\\\"question\\\":\\\"Konsultacja okulistyczna dr Swiet\u0142ana Jachimczyk\\\",\\\"type\\\":\\\"answer\\\",\\\"subtext\\\":\\\"\\\",\\\"textlink\\\":\\\"\\\",\\\"info\\\":\\\"<strong>Dr Swiet\u0142ana Jachimczyk<\/strong> - specjalizuje si\u0119 w chorobach siatk\u00f3wki i zwyrodnieniu \u017c\u00f3\u0142tej plamki. Na co dzie\u0144 przyjmuje w kilku klinikach specjalistycznych. W naszym gabinecie przyjmuje doros\u0142ych i osoby w podesz\u0142ym wieku. <br><br>\\\\n<strong>Czas badania:<\/strong> 30 minut<br><br>\\\\n<strong>Cena:<\/strong> 130z\u0142 (wraz z badaniem dna oka 150z\u0142) (od 1.05.2023 150z\u0142, z badaniem dna oka 170z\u0142) <br><br>\\\\n<strong>Zapisy:<\/strong> telefonicznie 22\u00a0619 69 34\\\",\\\"choices\\\":[]},\\\"39\\\":{\\\"question\\\":\\\"CZY PODCZAS BADANIA CHCIA\u0141BY\u015a UZYSKA\u0106 ZA\u015aWIADCZENIE LEKARSKIE NP.. DO PRAWA JAZDY, ORZECZNICTWA O NIEPE\u0141NOSPRAWNO\u015aCI ITP.\\\",\\\"type\\\":\\\"question\\\",\\\"subtext\\\":\\\"\\\",\\\"textlink\\\":\\\"\\\",\\\"info\\\":\\\"\\\",\\\"choices\\\":[{\\\"choice\\\":\\\"TAK\\\",\\\"next\\\":\\\"42\\\"},{\\\"choice\\\":\\\"NIE\\\",\\\"next\\\":\\\"45\\\"}]},\\\"42\\\":{\\\"question\\\":\\\"Konsultacja okulistyczna dr Swiet\u0142ana Jachimczyk\\\",\\\"type\\\":\\\"answer\\\",\\\"subtext\\\":\\\"\\\",\\\"textlink\\\":\\\"\\\",\\\"info\\\":\\\"<strong>Dr Swiet\u0142ana Jachimczyk<\/strong> - specjalizuje si\u0119 w chorobach siatk\u00f3wki i zwyrodnieniu \u017c\u00f3\u0142tej plamki. Na co dzie\u0144 przyjmuje w kilku klinikach specjalistycznych. W naszym gabinecie przyjmuje doros\u0142ych i osoby w podesz\u0142ym wieku. <br><br>\\\\n<strong>Czas badania:<\/strong> 30 minut<br><br>\\\\n<strong>Cena:<\/strong> 130z\u0142 (wraz z badaniem dna oka 150z\u0142) (0d 1.05.2023 150z\u0142, z badaniem dna oka 170z\u0142) <br><br>\\\\n<strong>Zapisy:<\/strong> telefonicznie 22\u00a0619 69 34\\\",\\\"choices\\\":[]},\\\"45\\\":{\\\"question\\\":\\\"CZY ZDARZA SI\u0118, \u017bE WIDZISZ PODW\u00d3JNY OBRAZ LUB POSIADASZ SKIEROWANIE NA DOB\u00d3R OKULAR\u00d3W PRYZMATYCZNYCH?\\\",\\\"type\\\":\\\"question\\\",\\\"subtext\\\":\\\"\\\",\\\"textlink\\\":\\\"\\\",\\\"info\\\":\\\"\\\",\\\"choices\\\":[{\\\"choice\\\":\\\"TAK\\\",\\\"next\\\":\\\"48\\\"},{\\\"choice\\\":\\\"NIE\\\",\\\"next\\\":\\\"51\\\"}]},\\\"48\\\":{\\\"question\\\":\\\"Badanie optometryczne z doborem pryzmat\u00f3w\\\",\\\"type\\\":\\\"answer\\\",\\\"subtext\\\":\\\"\\\",\\\"textlink\\\":\\\"\\\",\\\"info\\\":\\\"W przypadku gdy wyst\u0119puje dwojenie (widzenie podw\u00f3jne) cz\u0119sto jedynym rozwi\u0105zaniem s\u0105 <strong>soczewki okularowe pryzmatyczne<\/strong>. S\u0105 to specjalne soczewki u\u0142atwiaj\u0105ce pojedyncze, obuoczne widzenie. Badanie poprzedzone jest dok\u0142adnym wywiadem i badaniem refrakcji. Przyjmujemy pacjent\u00f3w kierowanych z innych plac\u00f3wek.<br><br>\\\\n<strong>Czas badania:<\/strong> 60 minut<br><br>\\\\n<strong>Cena:<\/strong> 150z\u0142 (od 1.05.2023 200z\u0142) <br><br>\\\\n<strong>Zapisy:<\/strong> telefonicznie 22\u00a0619 69 34\\\",\\\"choices\\\":[]},\\\"51\\\":{\\\"question\\\":\\\"CZY PODCZAS BADANIA CHCESZ DOBRA\u0106 SOCZEWKI KONTAKTOWE?\\\",\\\"type\\\":\\\"question\\\",\\\"subtext\\\":\\\"\\\",\\\"textlink\\\":\\\"\\\",\\\"info\\\":\\\"\\\",\\\"choices\\\":[{\\\"choice\\\":\\\"TAK\\\",\\\"next\\\":\\\"57\\\"},{\\\"choice\\\":\\\"NIE\\\",\\\"next\\\":\\\"54\\\"}]},\\\"54\\\":{\\\"question\\\":\\\"Badanie optometryczne doros\u0142ych\\\",\\\"type\\\":\\\"answer\\\",\\\"subtext\\\":\\\"\\\",\\\"textlink\\\":\\\"\\\",\\\"info\\\":\\\"Badanie obejmuje sprawdzenie wady wzroku i widzenia obuocznego. W opinii wielu klient\u00f3w jest to najdok\u0142adniejszy dob\u00f3r korekcji jaki mieli kiedykolwiek mieli przeprowadzany. Podczas badania zostanie stwierdzony lub wykluczony ewentualny astygmatyzm. Badanie jest szczeg\u00f3lnie polecane przed wykonaniem okular\u00f3w.  <br><br>\\\\n<strong>Czas badania:<\/strong> 30 minut<br><br>\\\\n<strong>Cena:<\/strong> 130z\u0142 (od 1.05.2023 150z\u0142) <br><br>\\\\n<strong>Zapisy:<\/strong> telefonicznie 22\u00a0619 69 34\\\",\\\"choices\\\":[]},\\\"57\\\":{\\\"question\\\":\\\"CZY U\u017bYWA\u0141E\u015a WCZE\u015aNIEJ SOCZEWEK KONTAKTOWYCH\\\",\\\"type\\\":\\\"question\\\",\\\"subtext\\\":\\\"\\\",\\\"textlink\\\":\\\"\\\",\\\"info\\\":\\\"\\\",\\\"choices\\\":[{\\\"choice\\\":\\\"TAK\\\",\\\"next\\\":\\\"63\\\"},{\\\"choice\\\":\\\"NIE\\\",\\\"next\\\":\\\"60\\\"}]},\\\"60\\\":{\\\"question\\\":\\\"PAKIET MOJE PIERWSZE SOCZEWKI\\\",\\\"type\\\":\\\"answer\\\",\\\"subtext\\\":\\\"\\\",\\\"textlink\\\":\\\"\\\",\\\"info\\\":\\\"Je\u017celi chcesz zacz\u0105\u0107 swoj\u0105 przygod\u0119 z soczewkami kontaktowymi to doskonale trafi\u0142e\u015b. Podczas tego badania dobierzemy odpowiedni\u0105 korekcj\u0119, dopasujemy najlepsze dla Ciebie i Twoich potrzeb soczewki kontaktowe i nauczymy zak\u0142adania, zdejmowania i piel\u0119gnacji.\\\\nPierwsz\u0105 par\u0119 soczewek dostaniesz w prezencie, \u017ceby m\u00f3c je przetestowa\u0107 zanim zdecydujesz si\u0119 na zakup.\\\\nW pakiecie znajduje si\u0119 r\u00f3wnie\u017c badanie kontrolne po 2 tygodniach od dopasowania.\\\\n<br><br>\\\\n<strong>Czas badania:<\/strong> 90-120 minut<br><br>\\\\n<strong>Cena:<\/strong> 200z\u0142 (od 1.05.2023 250z\u0142) <br><br>\\\\n<strong>Zapisy:<\/strong> telefonicznie 22\u00a0619 69 34\\\",\\\"choices\\\":[]},\\\"63\\\":{\\\"question\\\":\\\"CZY POSIADASZ AKTUALN\u0104 KOREKCJ\u0118 WZROKU?\\\",\\\"type\\\":\\\"question\\\",\\\"subtext\\\":\\\"\\\",\\\"textlink\\\":\\\"\\\",\\\"info\\\":\\\"\\\",\\\"choices\\\":[{\\\"choice\\\":\\\"Tak, mam aktualn\u0105 korekcj\u0119\\\",\\\"next\\\":\\\"66\\\"},{\\\"choice\\\":\\\"Chcia\u0142bym sprawdzi\u0107 r\u00f3wnie\u017c korekcj\u0119\\\",\\\"next\\\":\\\"69\\\"}]},\\\"66\\\":{\\\"question\\\":\\\"PAKIET NOWE SOCZEWKI\\\",\\\"type\\\":\\\"answer\\\",\\\"subtext\\\":\\\"\\\",\\\"textlink\\\":\\\"\\\",\\\"info\\\":\\\"Je\u017celi u\u017cywasz soczewek kontaktowych ale chcesz zmieni\u0107 rodzaj stosowanych soczewek (np. zmieni\u0107 miesi\u0119czne na jednodniowe lub zmieni\u0107 producenta soczewek) to jest to w\u0142a\u015bnie pakiet dla Ciebie. Wybieraj\u0105c pakiet <strong>NOWE SOCZEWKI<\/strong> dobierzemy Ci nowe soczewki kontaktowe. Dostaniesz pierwsz\u0105 par\u0119 soczewek w prezencie, \u017ceby przetestowa\u0107 je zanim zdecydujesz si\u0119 na zakup.\\\\nW pakiecie znajduje si\u0119 r\u00f3wnie\u017c badanie kontrolne po 2 tygodniach od dopasowania.\\\\n<br><br>\\\\n<strong>Czas badania:<\/strong> 60 minut\\\\n<strong>Cena:<\/strong> 100z\u0142 (od 1.05.2023 200z\u0142)<br><br>\\\\n<strong>Zapisy:<\/strong> telefonicznie 22 619 69 34\\\",\\\"choices\\\":[]},\\\"69\\\":{\\\"question\\\":\\\"PAKIET NOWA KOREKCJA\\\",\\\"type\\\":\\\"answer\\\",\\\"subtext\\\":\\\"\\\",\\\"textlink\\\":\\\"\\\",\\\"info\\\":\\\"Je\u017celi soczewki kontaktowe s\u0105 Ci znane, umiesz si\u0119 nimi pos\u0142ugiwa\u0107 i znasz zasady piel\u0119gnacji a chcia\u0142by\u015b jedynie uaktualni\u0107 warto\u015bci korekcyjne to jest to w\u0142a\u015bnie pakiet dla Ciebie. Wybieraj\u0105c pakiet <strong>NOWA KOREKCJA<\/strong> sprawdzimy aktualn\u0105 wad\u0119 wzroku a nast\u0119pnie dobierzemy Ci nowe soczewki kontaktowe. Dostaniesz pierwsz\u0105 par\u0119 soczewek w prezencie, \u017ceby przetestowa\u0107 je zanim zdecydujesz si\u0119 na zakup.\\\\nW pakiecie znajduje si\u0119 r\u00f3wnie\u017c badanie kontrolne po 2 tygodniach od dopasowania.\\\\n<br><br>\\\\n<strong>Czas badania:<\/strong> 60 minut<br><br>\\\\n<strong>Cena:<\/strong> 160z\u0142 (od 1.05.2023 200z\u0142) <br><br>\\\\n<strong>Zapisy:<\/strong> telefonicznie 22\u00a0619 69 34\\\",\\\"choices\\\":[]}},\\\"index\\\":{\\\"0\\\":\\\"1\\\",\\\"1\\\":\\\"4\\\",\\\"2\\\":\\\"7\\\",\\\"3\\\":\\\"10\\\",\\\"4\\\":\\\"13\\\",\\\"5\\\":\\\"16\\\",\\\"6\\\":\\\"19\\\",\\\"7\\\":\\\"22\\\",\\\"8\\\":\\\"25\\\",\\\"9\\\":\\\"28\\\",\\\"10\\\":\\\"31\\\",\\\"11\\\":\\\"33\\\",\\\"12\\\":\\\"36\\\",\\\"13\\\":\\\"39\\\",\\\"14\\\":\\\"42\\\",\\\"15\\\":\\\"45\\\",\\\"16\\\":\\\"48\\\",\\\"17\\\":\\\"51\\\",\\\"18\\\":\\\"54\\\",\\\"19\\\":\\\"57\\\",\\\"20\\\":\\\"60\\\",\\\"21\\\":\\\"63\\\",\\\"22\\\":\\\"66\\\",\\\"23\\\":\\\"69\\\"},\\\"start_ID\\\":\\\"1\\\",\\\"version\\\":\\\"1.1.0\\\"}'); \n     if (dt_tree_6494 != undefined){ \n         dt_tree_6494.donated = '0'; \n         dt_tree_6494.title = 'Badanie wzroku ankieta'; \n         process_question(6494);\n     } \n});\n<\/script>\n<form id='decision_tree_area_6494' class='decision_tree_area'><\/form>\n\n        <!--\n            __            __       __                  __                         __                     __    __                         __         \n        .--|  .-----.----|__.-----|__.-----.-----.    |  |_.----.-----.-----.    |  |--.--.--.    .-----|__.--|  .-----.----.---.-.----. |  |_.--.--.\n        |  _  |  -__|  __|  |__ --|  |  _  |     |    |   _|   _|  -__|  -__|    |  _  |  |  |    |__ --|  |  _  |  -__|  __|  _  |   ___|   _|  |  |\n        |_____|_____|____|__|_____|__|_____|__|__|    |____|__| |_____|_____|    |_____|___  |    |_____|__|_____|_____|____|___._|__||__|____||___\/ \n                                                                                       |_____|                                                       \n                    ||||||||||||||||||||||||||||||||||||||||||||||||||||||||||||||||||||||||||||||||||||||||||||||||||||||||                         \n                    ||||This is decision tree! A plugin for WordPress.  Find out more at http:\/\/sidecar.tv\/decision_tree||||                         \n                    ||||||||||||||||||||||||||||||||||||||||||||||||||||||||||||||||||||||||||||||||||||||||||||||||||||||||                                -->[\/vc_column_text][\/vc_column][\/vc_row]<\/p>\n","protected":false},"excerpt":{"rendered":"<p>[vc_row][vc_column][vc_column_text]Soczewki kontaktowe, \u017ceby dawa\u0142y maksimum satysfakcji i by\u0142y jak najbezpieczniejsze musz\u0105 by\u0107 prawid\u0142owo dobrane. W naszym salonie proces doboru soczewek sk\u0142ada si\u0119 &hellip;<\/p>\n","protected":false},"author":1,"featured_media":0,"parent":0,"menu_order":0,"comment_status":"closed","ping_status":"closed","template":"","meta":{"inline_featured_image":false},"_links":{"self":[{"href":"https:\/\/zakladoptyczny.pl\/index.php\/wp-json\/wp\/v2\/pages\/6498"}],"collection":[{"href":"https:\/\/zakladoptyczny.pl\/index.php\/wp-json\/wp\/v2\/pages"}],"about":[{"href":"https:\/\/zakladoptyczny.pl\/index.php\/wp-json\/wp\/v2\/types\/page"}],"author":[{"embeddable":true,"href":"https:\/\/zakladoptyczny.pl\/index.php\/wp-json\/wp\/v2\/users\/1"}],"replies":[{"embeddable":true,"href":"https:\/\/zakladoptyczny.pl\/index.php\/wp-json\/wp\/v2\/comments?post=6498"}],"version-history":[{"count":1,"href":"https:\/\/zakladoptyczny.pl\/index.php\/wp-json\/wp\/v2\/pages\/6498\/revisions"}],"predecessor-version":[{"id":6499,"href":"https:\/\/zakladoptyczny.pl\/index.php\/wp-json\/wp\/v2\/pages\/6498\/revisions\/6499"}],"wp:attachment":[{"href":"https:\/\/zakladoptyczny.pl\/index.php\/wp-json\/wp\/v2\/media?parent=6498"}],"curies":[{"name":"wp","href":"https:\/\/api.w.org\/{rel}","templated":true}]}}