{"id":6526,"date":"2017-08-03T10:57:32","date_gmt":"2017-08-03T08:57:32","guid":{"rendered":"http:\/\/iluzja.link\/marek\/optyk-test\/?page_id=6526"},"modified":"2017-12-21T09:16:02","modified_gmt":"2017-12-21T08:16:02","slug":"soczewki-kontaktowe","status":"publish","type":"page","link":"https:\/\/zakladoptyczny.pl\/index.php\/soczewki-kontaktowe\/","title":{"rendered":"Soczewki kontaktowe"},"content":{"rendered":"<p>[vc_row][vc_column][vc_column_text]<\/p>\n<p style=\"text-align: center;\">Czy wiesz, \u017ce soczewki kontaktowe w salonie optycznym mog\u0105 by\u0107 ta\u0144sze ni\u017c w internecie?<\/p>\n<p style=\"text-align: center;\">Chcesz kupowa\u0107 soczewki maj\u0105c gwarancj\u0119 legalno\u015bci produktu i najwy\u017cszej jego jako\u015bci?<\/p>\n<p style=\"text-align: center;\">W naszym salonie oferujemy program <strong>za-kontaktowani.pl<\/strong><\/p>\n<p style=\"text-align: center;\"><strong>Przekonaj si\u0119<\/strong> jak wygl\u0105da rejestracja w programie i jakie daje korzy\u015bci.<\/p>\n<p>[\/vc_column_text]<div class=\"lightbox-video-wrapper clearfix no-animation lightbox-video-style-2 image-disabled \"><div class=\"lightbox-video\"><a href=\"https:\/\/zakladoptyczny.pl\/wp-content\/uploads\/2017\/soczewki-film.mp4\" class=\"play-button\"><i><\/i><\/a><div class=\"lightbox-video-text\">Zobacz film<\/div><\/div><\/div>[vc_column_text]<\/p>\n<p style=\"text-align: center;\"><em>\u201eMateria\u0142 udost\u0119pniony przez firm\u0119 Alcon\u201d<\/em><\/p>\n<p>[\/vc_column_text][vc_column_text]<\/p>\n<p style=\"text-align: center;\">Chcesz si\u0119 dowiedzie\u0107 jakie <strong>soczewki kontaktowe<\/strong> s\u0105 idealne dla Ciebie? <span style=\"color: #0066cc;\">ZAPOZNAJ SI\u0118 Z NASZ\u0104 OFERT\u0118 !<\/span><\/p>\n<p>[\/vc_column_text][vc_btn title=&#8221;SPRAWD\u0179&#8221; shape=&#8221;square&#8221; color=&#8221;sky&#8221; size=&#8221;lg&#8221; align=&#8221;center&#8221; css_animation=&#8221;fadeInUp&#8221; link=&#8221;url:https%3A%2F%2Fzakladoptyczny.pl%2Findex.php%2Fdobor-soczewek%2F|||&#8221;][\/vc_column][\/vc_row]<\/p>\n","protected":false},"excerpt":{"rendered":"<p>[vc_row][vc_column][vc_column_text] Czy wiesz, \u017ce soczewki kontaktowe w salonie optycznym mog\u0105 by\u0107 ta\u0144sze ni\u017c w internecie? Chcesz kupowa\u0107 soczewki maj\u0105c gwarancj\u0119 legalno\u015bci produktu &hellip;<\/p>\n","protected":false},"author":1,"featured_media":0,"parent":0,"menu_order":0,"comment_status":"closed","ping_status":"closed","template":"","meta":{"inline_featured_image":false},"_links":{"self":[{"href":"https:\/\/zakladoptyczny.pl\/index.php\/wp-json\/wp\/v2\/pages\/6526"}],"collection":[{"href":"https:\/\/zakladoptyczny.pl\/index.php\/wp-json\/wp\/v2\/pages"}],"about":[{"href":"https:\/\/zakladoptyczny.pl\/index.php\/wp-json\/wp\/v2\/types\/page"}],"author":[{"embeddable":true,"href":"https:\/\/zakladoptyczny.pl\/index.php\/wp-json\/wp\/v2\/users\/1"}],"replies":[{"embeddable":true,"href":"https:\/\/zakladoptyczny.pl\/index.php\/wp-json\/wp\/v2\/comments?post=6526"}],"version-history":[{"count":8,"href":"https:\/\/zakladoptyczny.pl\/index.php\/wp-json\/wp\/v2\/pages\/6526\/revisions"}],"predecessor-version":[{"id":6699,"href":"https:\/\/zakladoptyczny.pl\/index.php\/wp-json\/wp\/v2\/pages\/6526\/revisions\/6699"}],"wp:attachment":[{"href":"https:\/\/zakladoptyczny.pl\/index.php\/wp-json\/wp\/v2\/media?parent=6526"}],"curies":[{"name":"wp","href":"https:\/\/api.w.org\/{rel}","templated":true}]}}